{"id":22,"date":"2018-04-02T19:35:24","date_gmt":"2018-04-02T18:35:24","guid":{"rendered":"http:\/\/192.168.1.69\/cuisine\/?page_id=22"},"modified":"2018-04-02T19:35:24","modified_gmt":"2018-04-02T18:35:24","slug":"contact","status":"publish","type":"page","link":"https:\/\/www.gobee.fr\/cuisine\/index.php\/contact\/","title":{"rendered":"Contact"},"content":{"rendered":"<p>C\u2019est une page avec des informations de contact de base, comme l\u2019adresse et le num\u00e9ro de t\u00e9l\u00e9phone. Vous pouvez aussi essayer une extension pour ajouter un formulaire de contact.<\/p>\n","protected":false},"excerpt":{"rendered":"<p>C\u2019est une page avec des informations de contact de base, comme l\u2019adresse et le num\u00e9ro de t\u00e9l\u00e9phone. Vous pouvez aussi essayer une extension pour ajouter un formulaire de contact.<\/p>\n","protected":false},"author":1,"featured_media":17,"parent":0,"menu_order":0,"comment_status":"closed","ping_status":"closed","template":"","meta":[],"_links":{"self":[{"href":"https:\/\/www.gobee.fr\/cuisine\/index.php\/wp-json\/wp\/v2\/pages\/22"}],"collection":[{"href":"https:\/\/www.gobee.fr\/cuisine\/index.php\/wp-json\/wp\/v2\/pages"}],"about":[{"href":"https:\/\/www.gobee.fr\/cuisine\/index.php\/wp-json\/wp\/v2\/types\/page"}],"author":[{"embeddable":true,"href":"https:\/\/www.gobee.fr\/cuisine\/index.php\/wp-json\/wp\/v2\/users\/1"}],"replies":[{"embeddable":true,"href":"https:\/\/www.gobee.fr\/cuisine\/index.php\/wp-json\/wp\/v2\/comments?post=22"}],"version-history":[{"count":1,"href":"https:\/\/www.gobee.fr\/cuisine\/index.php\/wp-json\/wp\/v2\/pages\/22\/revisions"}],"predecessor-version":[{"id":28,"href":"https:\/\/www.gobee.fr\/cuisine\/index.php\/wp-json\/wp\/v2\/pages\/22\/revisions\/28"}],"wp:featuredmedia":[{"embeddable":true,"href":"https:\/\/www.gobee.fr\/cuisine\/index.php\/wp-json\/wp\/v2\/media\/17"}],"wp:attachment":[{"href":"https:\/\/www.gobee.fr\/cuisine\/index.php\/wp-json\/wp\/v2\/media?parent=22"}],"curies":[{"name":"wp","href":"https:\/\/api.w.org\/{rel}","templated":true}]}}